{"id":53,"date":"2020-10-19T13:16:16","date_gmt":"2020-10-19T13:16:16","guid":{"rendered":"https:\/\/beyondthinking.net\/?page_id=53"},"modified":"2023-05-26T10:40:39","modified_gmt":"2023-05-26T10:40:39","slug":"community-2","status":"publish","type":"page","link":"https:\/\/beyondthinking.net\/de\/community-2","title":{"rendered":"Wieso"},"content":{"rendered":"<h1>Wieso<\/h1>\n<h2>Beyond Thinking<\/h2>\n<h3>Mission<\/h3>\n<p>Unser Zweck besteht darin, wegweisende Konzepte der Kunst, Wissenschaft und Wirtschaft zu sammeln, zu erforschen und zu verbreiten, um die ganzheitliche kollektive Intelligenz von Menschen und sozialen Systemen zu f\u00f6rdern. Wir m\u00f6chten individuelles und kollektives Verhalten mit Erkenntnissen und Inspirationen verbessern, um die Welt zu einem wohlhabenderen Ort f\u00fcr alle zu machen.<\/p>\n<p>Uralte Weisheit \u00fcber die Natur des Selbst, die Rolle von Handlungen und Entscheidungen sowie die Notwendigkeit, unser wahres Potenzial zu entfesseln, kann uns dabei helfen, eine harmonischere Koexistenz zu erreichen und die kollektive Intelligenz der Menschheit voranzubringen. Indem wir einen ganzheitlichen Blick auf unsere individuellen und kollektiven Erfahrungen werfen, k\u00f6nnen wir zusammenarbeiten und gemeinsam daran arbeiten, eine bessere Zukunft zu gestalten.<\/p>\n<h3>Vision<\/h3>\n<p>Unsere Vision besteht darin, Individuen zu st\u00e4rken und ihr Wachstum und ihre Entwicklung zu f\u00f6rdern, w\u00e4hrend wir kollektive Intelligenz pflegen. Durch Zusammenarbeit streben wir danach, das volle Potenzial der Menschheit zu entfesseln und eine hellere und gerechtere Zukunft f\u00fcr alle zu schaffen.<\/p>\n<p>Im Einklang mit dieser Vision erkennen wir die Bedeutung verschiedener Aspekte der menschlichen Entwicklung an, einschlie\u00dflich der Evolution des Bewusstseins, der Heilung von K\u00f6rper und Geist sowie der Wichtigkeit von Werten und Kultur. Diese Aspekte sind entscheidend f\u00fcr das Aufkommen kollektiver Intelligenz, da sie zu einem tieferen Verst\u00e4ndnis von uns selbst und anderen beitragen.<\/p>\n<p>Ein wichtiger Schritt zur St\u00e4rkung unserer kollektiven Intelligenz ist die Integration unbewusster Aspekte des Selbst. Indem wir unsere Schatten, die verborgenen oder vernachl\u00e4ssigten Teile unserer Pers\u00f6nlichkeit, anerkennen und annehmen, k\u00f6nnen wir uns von Begrenzungen befreien und aus einer gr\u00f6\u00dferen Quelle von Kreativit\u00e4t, Weisheit und Widerstandsf\u00e4higkeit sch\u00f6pfen.<\/p>\n<p>Dar\u00fcber hinaus erm\u00f6glicht uns dieser Prozess der Selbstintegration, uns als Teil eines gr\u00f6\u00dferen Ganzen zu erkennen. Wir verstehen, dass unsere individuellen Bem\u00fchungen miteinander verbunden sind und dass wahre Fortschritte durch gemeinsames Handeln entstehen. Indem wir Vielfalt wertsch\u00e4tzen und Inklusivit\u00e4t f\u00f6rdern, k\u00f6nnen wir die Kraft verschiedener Perspektiven und Erfahrungen nutzen, um innovative L\u00f6sungen und eine harmonischere Gesellschaft zu schaffen.<\/p>\n<p>Mit diesem ganzheitlichen Ansatz wollen wir einen reibungsloseren \u00dcbergang hin zu einer Zukunft erm\u00f6glichen, in der kollektive Intelligenz gedeiht. Durch die F\u00f6rderung pers\u00f6nlichen Wachstums, die St\u00e4rkung der Zusammenarbeit und die Anerkennung der Vielfalt menschlicher Erfahrungen k\u00f6nnen wir eine Welt schaffen, in der das Potenzial jedes Einzelnen verwirklicht wird und nachhaltige positive Ver\u00e4nderungen zur Realit\u00e4t werden.<\/p>\n<h3>\n\t\t\t\t\t\t\u201c<br \/>\n\t\t\t\t<\/h3>\n<p>\n\t\t\t\t\t\tDie Geschwindigkeit des technologischen Wandels \u00fcbertrifft das Tempo des Wandels in der Demokratie.\t\t\t\t\t<\/p>\n<p>David Rohrmann<\/p>\n<h4>Contact us<\/h4>\n<p>Hinterlassen Sie uns eine Nachricht und wir werden uns f\u00fcr eine kostenlose Beratung bei Ihnen melden.<\/p>\n<ul>\n<li>\n\t\t\t\t\t\t\t\t\t\t+43 664 149 1492\n\t\t\t\t\t\t\t\t\t<\/li>\n<li>\n\t\t\t\t\t\t\t\t\t\tcontact@beyondthinking.org\n\t\t\t\t\t\t\t\t\t<\/li>\n<li>\n\t\t\t\t\t\t\t\t\t\tOberlupitsch 123, Altaussee 8992, Austria\n\t\t\t\t\t\t\t\t\t<\/li>\n<\/ul>\n<h2>Comming Soon!<\/h2>\n<h3>\n\t\t\t\t\t\t\u201c<br \/>\n\t\t\t\t<\/h3>\n<p>\n\t\t\t\t\t\tCulture Eats Strategy for Breakfast. Leadership Eats Culture for Lunch\u201d \t\t\t\t\t<\/p>","protected":false},"excerpt":{"rendered":"<p>WHY Beyond Thinking Mission Its purpose is to collect, research and spread ground-breaking concepts of art, science and economics to foster the integral collective intelligence of humans and social systems. We want to elevate individual and collective behavior with insights and inspiration to make the world a more prosperous place for everyone. Ancient wisdom about [&hellip;]<\/p>\n","protected":false},"author":1,"featured_media":0,"parent":0,"menu_order":0,"comment_status":"closed","ping_status":"closed","template":"elementor_header_footer","meta":{"footnotes":""},"class_list":["post-53","page","type-page","status-publish","hentry"],"_links":{"self":[{"href":"https:\/\/beyondthinking.net\/de\/wp-json\/wp\/v2\/pages\/53","targetHints":{"allow":["GET"]}}],"collection":[{"href":"https:\/\/beyondthinking.net\/de\/wp-json\/wp\/v2\/pages"}],"about":[{"href":"https:\/\/beyondthinking.net\/de\/wp-json\/wp\/v2\/types\/page"}],"author":[{"embeddable":true,"href":"https:\/\/beyondthinking.net\/de\/wp-json\/wp\/v2\/users\/1"}],"replies":[{"embeddable":true,"href":"https:\/\/beyondthinking.net\/de\/wp-json\/wp\/v2\/comments?post=53"}],"version-history":[{"count":179,"href":"https:\/\/beyondthinking.net\/de\/wp-json\/wp\/v2\/pages\/53\/revisions"}],"predecessor-version":[{"id":1490,"href":"https:\/\/beyondthinking.net\/de\/wp-json\/wp\/v2\/pages\/53\/revisions\/1490"}],"wp:attachment":[{"href":"https:\/\/beyondthinking.net\/de\/wp-json\/wp\/v2\/media?parent=53"}],"curies":[{"name":"wp","href":"https:\/\/api.w.org\/{rel}","templated":true}]}}