{"id":47,"date":"2020-10-19T13:15:12","date_gmt":"2020-10-19T13:15:12","guid":{"rendered":"https:\/\/beyondthinking.net\/?page_id=47"},"modified":"2023-07-03T11:25:14","modified_gmt":"2023-07-03T11:25:14","slug":"membership","status":"publish","type":"page","link":"https:\/\/beyondthinking.net\/de\/membership","title":{"rendered":"Wer"},"content":{"rendered":"<h1>Mitglieder<\/h1>\n<h2>WeBrain<\/h2>\n<h3>\u00dcber uns<\/h3>\n<p>Die WeBrain NPO ist eine private Organisation, die sich darauf spezialisiert hat, au\u00dfergew\u00f6hnliche und inspirierende Menschen sowohl auf sozialer als auch auf beruflicher Ebene miteinander zu verbinden. Unsere Mitglieder bilden eine Gemeinschaft von F\u00fchrungskr\u00e4ften, Unternehmern, Fachleuten und Abenteurern, die ihre Einflusssph\u00e4ren teilen und erweitern. Durch eine Vielzahl von erlebnisorientierten Veranstaltungen wie Business-Networking und exklusiven gesellschaftlichen Zusammenk\u00fcnften bef\u00e4higen wir unsere Mitglieder, dauerhafte Bindungen und Freundschaften zu kn\u00fcpfen, wodurch wir ihr Leben bereichern, Gesch\u00e4ftsideen teilen und philanthropische Projekte unterst\u00fctzen. Wir suchen aktiv nach Menschen, die mit unserer Philosophie in Resonanz stehen und neuen Mehrwert f\u00fcr das bestehende 1492 WeBrain Netzwerk schaffen k\u00f6nnen.<\/p>\n<p>Wenn Sie glauben, dass dies auf Sie zutrifft und Sie sich engagieren m\u00f6chten, l\u00e4dt die WeBrain NPO Sie ein, mitzumachen!\u00a0<\/p>\n<h3>Mitglieder <\/h3>\n<figure><img decoding=\"async\" src=\"https:\/\/beyondthinking.net\/wp-content\/uploads\/elementor\/thumbs\/A6201350-q8p4y7cxe7iksftk9nty9a6labfbm6dwmfc6rn8g8w.png\" title=\"A6201350\" alt=\"A6201350\" loading=\"lazy\" \/><\/figure>\n<h3>Moses Ben Hengl<\/h3>\n<p>Pr\u00e4sident<\/p>\n<figure><img decoding=\"async\" src=\"https:\/\/beyondthinking.net\/wp-content\/uploads\/elementor\/thumbs\/A6201390-q8p56tjo1jb77razydwu43wpbgyg6albt2mf4ygj7k.png\" title=\"A6201390\" alt=\"A6201390\" loading=\"lazy\" \/><\/figure>\n<h3>Till Alexander Vedder<\/h3>\n<p>Vize Pr\u00e4sident<\/p>\n<figure><img decoding=\"async\" src=\"https:\/\/beyondthinking.net\/wp-content\/uploads\/elementor\/thumbs\/Rose-1-q6zamv3jdduk78azg16vyonvflgrovzzpx65f8hu80.jpg\" title=\"Rose\" alt=\"Rose\" loading=\"lazy\" \/><\/figure>\n<h3>Rose Maria Hengl<\/h3>\n<p>Gr\u00fcndungsmitglied<\/p>\n<figure><img decoding=\"async\" width=\"852\" height=\"898\" src=\"https:\/\/beyondthinking.net\/wp-content\/uploads\/2023\/05\/Aaron.png\" alt=\"\" loading=\"lazy\" \/><\/figure>\n<h3>Aaron Paul Hengl<\/h3>\n<p>Gr\u00fcndungsmitglied<\/p>\n<figure><img decoding=\"async\" src=\"https:\/\/beyondthinking.net\/wp-content\/uploads\/elementor\/thumbs\/Michi-1-scaled-q6zamt7uzprzk0dpr0dmtp4y8tq19hsj1nv6gokmkg.jpg\" title=\"Michi\" alt=\"Michi\" loading=\"lazy\" \/><\/figure>\n<h3>Michael Hengl<\/h3>\n<p>Gr\u00fcndungsmitglied<\/p>\n<figure><img decoding=\"async\" src=\"https:\/\/beyondthinking.net\/wp-content\/uploads\/elementor\/thumbs\/Katja-scaled-q6za9wvl7k4c8n472fnxlyb8shapn0l4ltlbdzp3y8.jpg\" title=\"Katja\" alt=\"Katja\" loading=\"lazy\" \/><\/figure>\n<h3>Katja Bellinghausen-Hengl<\/h3>\n<p>Gr\u00fcndungsmitglied<\/p>\n<figure><img decoding=\"async\" src=\"https:\/\/beyondthinking.net\/wp-content\/uploads\/elementor\/thumbs\/David-scaled-q6za9pcvovu1nrf4acex207k1ebrxfr9wsdfjs09c0.jpg\" title=\"David\" alt=\"David\" loading=\"lazy\" \/><\/figure>\n<h3>David Rohrmann<\/h3>\n<p>Gr\u00fcndungsmitglied<\/p>\n<figure><img decoding=\"async\" src=\"https:\/\/beyondthinking.net\/wp-content\/uploads\/elementor\/thumbs\/Armin-q6za9f0nlpfw41u4ypy0skthi5qqkrm87d739qfl8g.jpg\" title=\"Armin\" alt=\"Armin\" loading=\"lazy\" \/><\/figure>\n<h3>Armin Blassnig <\/h3>\n<p>Gr\u00fcndungsmitglied<\/p>\n<h4>Contact us<\/h4>\n<p>Hinterlassen Sie uns eine Nachricht und wir werden uns f\u00fcr eine kostenlose Beratung bei Ihnen melden.<\/p>\n<ul>\n<li>\n\t\t\t\t\t\t\t\t\t\t  +43 664 149 1492\n\t\t\t\t\t\t\t\t\t<\/li>\n<li>\n\t\t\t\t\t\t\t\t\t\tcontact@beyondthinking.org\n\t\t\t\t\t\t\t\t\t<\/li>\n<li>\n\t\t\t\t\t\t\t\t\t\tOberlupitsch 123, Altaussee 8992, Austria\n\t\t\t\t\t\t\t\t\t<\/li>\n<\/ul>","protected":false},"excerpt":{"rendered":"<p>Members WeBrain About Us WeBrain NPO is a private membership organization, dedicated to connecting exceptional and inspirational individuals, both socially and professionally. Our members are a collective of leaders, entrepreneurs, professionals and adventurers who share and expand their spheres of influence. Through a variety of experiential events, such as business networking and elite social gatherings, [&hellip;]<\/p>\n","protected":false},"author":1,"featured_media":0,"parent":0,"menu_order":0,"comment_status":"closed","ping_status":"closed","template":"elementor_header_footer","meta":{"footnotes":""},"class_list":["post-47","page","type-page","status-publish","hentry"],"_links":{"self":[{"href":"https:\/\/beyondthinking.net\/de\/wp-json\/wp\/v2\/pages\/47","targetHints":{"allow":["GET"]}}],"collection":[{"href":"https:\/\/beyondthinking.net\/de\/wp-json\/wp\/v2\/pages"}],"about":[{"href":"https:\/\/beyondthinking.net\/de\/wp-json\/wp\/v2\/types\/page"}],"author":[{"embeddable":true,"href":"https:\/\/beyondthinking.net\/de\/wp-json\/wp\/v2\/users\/1"}],"replies":[{"embeddable":true,"href":"https:\/\/beyondthinking.net\/de\/wp-json\/wp\/v2\/comments?post=47"}],"version-history":[{"count":116,"href":"https:\/\/beyondthinking.net\/de\/wp-json\/wp\/v2\/pages\/47\/revisions"}],"predecessor-version":[{"id":1685,"href":"https:\/\/beyondthinking.net\/de\/wp-json\/wp\/v2\/pages\/47\/revisions\/1685"}],"wp:attachment":[{"href":"https:\/\/beyondthinking.net\/de\/wp-json\/wp\/v2\/media?parent=47"}],"curies":[{"name":"wp","href":"https:\/\/api.w.org\/{rel}","templated":true}]}}