{"id":39,"date":"2020-10-19T12:41:36","date_gmt":"2020-10-19T12:41:36","guid":{"rendered":"https:\/\/beyondthinking.net\/?page_id=39"},"modified":"2023-08-02T11:11:27","modified_gmt":"2023-08-02T11:11:27","slug":"about-us","status":"publish","type":"page","link":"https:\/\/beyondthinking.net\/de\/about-us","title":{"rendered":"Was"},"content":{"rendered":"<h1>Solutions<\/h1>\n<h2>WeBrain<\/h2>\n<h3> WeBrain<\/h3>\n<p>Bei WeBrain NPO glauben wir an die Kraft der kollektiven Weisheit, um Unternehmen und ihre Gesch\u00e4ftspraktiken zu transformieren. Mit innovativen Werkzeugen und Strategien wie Zielvision, Networking, Team-Boosting, Kostenmanagement, Keynotes, Gesundheitschecks, Crowdsourcing-Strategien und Coaching bringen wir das Potenzial Ihrer Organisation wie nie zuvor zum Vorschein.<\/p>\n<p>Wir sind nicht nur Berater. Wir sind Pioniere bei der Nutzung kollektiver Intelligenz. Durch die Verkn\u00fcpfung von Kunst, Kultur, Wissenschaft und Wirtschaft verbessern wir die Erkenntnis, Koordination und Zusammenarbeit innerhalb Ihres Unternehmens, was zu beispiellosem Gesch\u00e4ftswachstum und nachhaltiger Entwicklung f\u00fchrt.<\/p>\n<p>Unser Ziel geht \u00fcber das Konventionelle hinaus - es geht darum, Innovation zu f\u00f6rdern, Potenzial zu n\u00e4hren und Unternehmen zu erm\u00f6glichen, eine bessere Zukunft gemeinsam zu gestalten. Seien Sie Teil dieser transformativen Reise mit uns. Nutzen Sie die Kraft der kollektiven Intelligenz. Ver\u00e4ndern Sie die Art und Weise, wie Sie Gesch\u00e4fte machen, zum Guten.<\/p>\n<figure><img decoding=\"async\" width=\"512\" height=\"512\" src=\"https:\/\/beyondthinking.net\/wp-content\/uploads\/2023\/06\/key-open-file-format.png\" alt=\"\" loading=\"lazy\" \/><\/figure>\n<h3>Keynote<\/h3>\n<figure><img decoding=\"async\" width=\"512\" height=\"512\" src=\"https:\/\/beyondthinking.net\/wp-content\/uploads\/2023\/06\/medical-history.png\" alt=\"\" loading=\"lazy\" \/><\/figure>\n<h3>Health Check<\/h3>\n<figure><img decoding=\"async\" width=\"512\" height=\"512\" src=\"https:\/\/beyondthinking.net\/wp-content\/uploads\/2023\/06\/startup.png\" alt=\"\" loading=\"lazy\" \/><\/figure>\n<h3>Team Booster<\/h3>\n<figure><img decoding=\"async\" width=\"512\" height=\"512\" src=\"https:\/\/beyondthinking.net\/wp-content\/uploads\/2023\/06\/focus_1152955.png\" alt=\"\" loading=\"lazy\" \/><\/figure>\n<h3>Target Vision<\/h3>\n<figure><img decoding=\"async\" width=\"512\" height=\"512\" src=\"https:\/\/beyondthinking.net\/wp-content\/uploads\/2023\/06\/leadership.png\" alt=\"\" loading=\"lazy\" \/><\/figure>\n<h3>Coaching<\/h3>\n<figure><img decoding=\"async\" width=\"512\" height=\"512\" src=\"https:\/\/beyondthinking.net\/wp-content\/uploads\/2023\/06\/students-class-auditory.png\" alt=\"\" loading=\"lazy\" \/><\/figure>\n<h3>Crowd Strategie<\/h3>\n<figure><img decoding=\"async\" width=\"512\" height=\"513\" src=\"https:\/\/beyondthinking.net\/wp-content\/uploads\/2023\/06\/hand.png\" alt=\"\" loading=\"lazy\" \/><\/figure>\n<h3>Costs<\/h3>\n<figure><img decoding=\"async\" width=\"512\" height=\"512\" src=\"https:\/\/beyondthinking.net\/wp-content\/uploads\/2023\/06\/networking.png\" alt=\"\" loading=\"lazy\" \/><\/figure>\n<h3>Network<\/h3>\n<figure><img decoding=\"async\" width=\"512\" height=\"512\" src=\"https:\/\/beyondthinking.net\/wp-content\/uploads\/2023\/06\/book_1164620.png\" alt=\"\" loading=\"lazy\" \/><\/figure>\n<h3>Libary<\/h3>\n<p>Coming soon!<\/p>\n<h2>Andere Projekte<\/h2>\n<p>\t\t\t<a href=\"https:\/\/tedxaltaussee.com\/\"><br \/>\n\t\t\t\t\t\tTedX Altaussee<br \/>\n\t\t\t\t\t<\/a><br \/>\n\t\t\t<a href=\"http:\/\/1492bettertogether.com\/\"><br \/>\n\t\t\t\t\t\t1492 Better Together<br \/>\n\t\t\t\t\t<\/a><br \/>\n\t\t\t<a href=\"https:\/\/beyondthinking.net\/de\/\"><br \/>\n\t\t\t\t\t\tMorning University Contact<br \/>\n\t\t\t\t\t<\/a><\/p>\n<h3>\n\t\t\t\t\t\t\u201c<br \/>\n\t\t\t\t<\/h3>\n<p>\n\t\t\t\t\t\tKollektive Intelligenz und kollektives Bewusstsein, um das Beste f\u00fcr alles Leben auf dem Planeten zu erforschen. \t\t\t\t\t<\/p>\n<p>Katja Bellinghausen Hengl<\/p>\n<h4>Contact us<\/h4>\n<p>Hinterlassen Sie uns eine Nachricht und wir werden uns f\u00fcr eine kostenlose Beratung bei Ihnen melden.<\/p>\n<ul>\n<li>\n\t\t\t\t\t\t\t\t\t\t+43 664 149 1492\n\t\t\t\t\t\t\t\t\t<\/li>\n<li>\n\t\t\t\t\t\t\t\t\t\tcontact@beyondthinking.org\n\t\t\t\t\t\t\t\t\t<\/li>\n<li>\n\t\t\t\t\t\t\t\t\t\tOberlupitsch 123, Altaussee 8992, Austria\n\t\t\t\t\t\t\t\t\t<\/li>\n<\/ul>","protected":false},"excerpt":{"rendered":"<p>Solutions WeBrain WeBrain At WeBrain NPO, we believe in the power of collective wisdom to transform companies and the way they do business. Using innovative tools and strategies like Target Vision, Networking, Team Booster, Cost Management, Keynotes, Health Checks, Crowd Strategy and Coaching, we bring forth the potential of your organization like never before. We [&hellip;]<\/p>\n","protected":false},"author":1,"featured_media":0,"parent":0,"menu_order":0,"comment_status":"closed","ping_status":"closed","template":"","meta":{"footnotes":""},"class_list":["post-39","page","type-page","status-publish","hentry"],"_links":{"self":[{"href":"https:\/\/beyondthinking.net\/de\/wp-json\/wp\/v2\/pages\/39","targetHints":{"allow":["GET"]}}],"collection":[{"href":"https:\/\/beyondthinking.net\/de\/wp-json\/wp\/v2\/pages"}],"about":[{"href":"https:\/\/beyondthinking.net\/de\/wp-json\/wp\/v2\/types\/page"}],"author":[{"embeddable":true,"href":"https:\/\/beyondthinking.net\/de\/wp-json\/wp\/v2\/users\/1"}],"replies":[{"embeddable":true,"href":"https:\/\/beyondthinking.net\/de\/wp-json\/wp\/v2\/comments?post=39"}],"version-history":[{"count":139,"href":"https:\/\/beyondthinking.net\/de\/wp-json\/wp\/v2\/pages\/39\/revisions"}],"predecessor-version":[{"id":1860,"href":"https:\/\/beyondthinking.net\/de\/wp-json\/wp\/v2\/pages\/39\/revisions\/1860"}],"wp:attachment":[{"href":"https:\/\/beyondthinking.net\/de\/wp-json\/wp\/v2\/media?parent=39"}],"curies":[{"name":"wp","href":"https:\/\/api.w.org\/{rel}","templated":true}]}}