{"id":10,"date":"2020-10-12T14:07:56","date_gmt":"2020-10-12T14:07:56","guid":{"rendered":"http:\/\/beyondthinking.net\/?page_id=10"},"modified":"2023-07-03T10:47:20","modified_gmt":"2023-07-03T10:47:20","slug":"home-page","status":"publish","type":"page","link":"https:\/\/beyondthinking.net\/de\/","title":{"rendered":"Home Page"},"content":{"rendered":"<h1>WeBrain<\/h1>\n<h2>NON PROFIT ORGANISATION<\/h2>\n<p>'Vier Augen sehen mehr als zwei' und vier Menschen wissen mehr als einer. Wenn diese Menschen ihr Wissen teilen, kommt es nicht nur zu einer schnelleren, sondern auch zu einer besseren L\u00f6sung. Das ist der Grundsatz hinter KOLLEKTIVER INTELLIGENZ. Wir gehen sogar noch einen Schritt weiter und sind davon \u00fcberzeugt, dass das gezielt eingesetzte Wissen und die Weisheit von Vielen exponentiell bessere Ergebnisse erzielen kann. Soweit, dass 1+1=11 ergibt.<\/p>\n<p>Seit \u00fcber 30 Jahren widmet sich die 1492 Group der Erforschung von Schwarmverhalten und kollektiver Intelligenz. Sie inspiriert globale Organisationen und Unternehmen dazu, diese Konzepte in die Praxis umzusetzen. Dies geschieht durch bewusstseinsbildende Ma\u00dfnahmen und den Einsatz von AI- und CI-Werkzeugen.<\/p>\n<p>Der dadurch gewonnene Wissensschatz steht nun dem WeBrain Verein uneingeschr\u00e4nkt zur Verf\u00fcgung. Unsere erkl\u00e4rte Vereinsmission besteht darin, die lokale Wirtschaft und lokalen \u00d6kosysteme in \u00d6sterreich durch gezielte Beratung und den Austausch von Wissen zu f\u00f6rdern und zu befruchten.<\/p>\n<p>Gleichzeitig betreiben wir weiterf\u00fchrende Feldforschung.<\/p>\n<p>Unser Ziel ist es, einen langfristig nachhaltigen Fu\u00dfabdruck zu hinterlassen und einen Beitrag zu einer kollektiv intelligenteren Wirtschaft und Denkweise der Menschen in diesem Umfeld zu leisten.<\/p>\n<p>\t\t\t\t\t<a href=\"https:\/\/beyondthinking.net\/de\/community\/\"><br \/>\n\t\t\t\t\t\tCOLLECTIVE INTELLIGENCE\t\t\t\t\t<\/a><\/p>\n<h2>Wohlstand f\u00fcr alle<\/h2>\n<h2>Mitglieder<\/h2>\n<p>\t\t\t<a href=\"https:\/\/beyondthinking.net\/de\/membership\/\"><br \/>\n\t\t\t\t\t\tlearn more<br \/>\n\t\t\t\t\t<\/a><\/p>\n<h2>Service<\/h2>\n<p>\t\t\t<a href=\"https:\/\/beyondthinking.net\/de\/about-us\/\"><br \/>\n\t\t\t\t\t\tlearn more<br \/>\n\t\t\t\t\t<\/a><\/p>\n<h4>Contact us<\/h4>\n<p>Hinterlassen Sie uns eine Nachricht und wir werden uns f\u00fcr eine kostenlose Beratung bei Ihnen melden.<\/p>\n<ul>\n<li>\n\t\t\t\t\t\t\t\t\t\t+43 664 149 1492\n\t\t\t\t\t\t\t\t\t<\/li>\n<li>\n\t\t\t\t\t\t\t\t\t\tcontact@beyondthinking.org\n\t\t\t\t\t\t\t\t\t<\/li>\n<li>\n\t\t\t\t\t\t\t\t\t\tOberlupitsch 123, Altaussee 8992, Austria\n\t\t\t\t\t\t\t\t\t<\/li>\n<\/ul>","protected":false},"excerpt":{"rendered":"<p>WeBrain NON PROFIT ORGANISATION &#8220;Four eyes see more than two&#8221; and four people know more than one. When these people share their knowledge, it not only leads to a faster solution but also a better one. This is the principle behind COLLECTIVE INTELLIGENCE. We go even further and believe that deliberately applied knowledge and the [&hellip;]<\/p>\n","protected":false},"author":1,"featured_media":0,"parent":0,"menu_order":0,"comment_status":"closed","ping_status":"closed","template":"","meta":{"footnotes":""},"class_list":["post-10","page","type-page","status-publish","hentry"],"_links":{"self":[{"href":"https:\/\/beyondthinking.net\/de\/wp-json\/wp\/v2\/pages\/10","targetHints":{"allow":["GET"]}}],"collection":[{"href":"https:\/\/beyondthinking.net\/de\/wp-json\/wp\/v2\/pages"}],"about":[{"href":"https:\/\/beyondthinking.net\/de\/wp-json\/wp\/v2\/types\/page"}],"author":[{"embeddable":true,"href":"https:\/\/beyondthinking.net\/de\/wp-json\/wp\/v2\/users\/1"}],"replies":[{"embeddable":true,"href":"https:\/\/beyondthinking.net\/de\/wp-json\/wp\/v2\/comments?post=10"}],"version-history":[{"count":367,"href":"https:\/\/beyondthinking.net\/de\/wp-json\/wp\/v2\/pages\/10\/revisions"}],"predecessor-version":[{"id":1752,"href":"https:\/\/beyondthinking.net\/de\/wp-json\/wp\/v2\/pages\/10\/revisions\/1752"}],"wp:attachment":[{"href":"https:\/\/beyondthinking.net\/de\/wp-json\/wp\/v2\/media?parent=10"}],"curies":[{"name":"wp","href":"https:\/\/api.w.org\/{rel}","templated":true}]}}